{"id":823,"date":"2020-05-04T08:00:44","date_gmt":"2020-05-04T13:00:44","guid":{"rendered":"http:\/\/lucjoubert.com\/?page_id=823"},"modified":"2020-05-04T08:01:55","modified_gmt":"2020-05-04T13:01:55","slug":"formations-vitrages-en-preparation","status":"publish","type":"page","link":"https:\/\/lucjoubert.com\/?page_id=823","title":{"rendered":"Formations Vitrages en pr\u00e9paration"},"content":{"rendered":"<p>M\u00e9thode de base de choix de vitrage<br \/>\nM\u00e9thode avanc\u00e9e de choix de vitrages<br \/>\nVitrages pour b\u00e2timents, utilisations, normalisations et bonnes pratiques<br \/>\nVitrages et ensoleillement<br \/>\nM\u00e9thode de s\u00e9lection de vitrage de s\u00e9curit\u00e9<br \/>\nSimulations Vitrages et logiciels sp\u00e9cialis\u00e9s<br \/>\nIntroduction \u00e0 H\u00e9lios SS, logiciel de simulation de charge d&rsquo;ensoleillement<br \/>\nH\u00e9lios SS Avanc\u00e9 avec licence d&rsquo;utilisateur (pour professionnels de l&rsquo;industrie du verre et Consultants en Vitrage)<br \/>\nStrat\u00e9gie de prospection d&rsquo;avants-projets dans le milieu architectural<br \/>\nVitrages de s\u00e9curit\u00e9 de base<br \/>\nVitrages de s\u00e9curit\u00e9 avanc\u00e9 &#8211; \u00c9valuation de Menaces et Risques, protection contre les attaques, vitrage anti-intrusion, pare-balles, prot\u00e9geant des explosions, verre anti-menace terrorisme, s\u00e9curit\u00e9 de b\u00e2timents officiels et vitrage en milieu carc\u00e9ral<\/p>\n<p>Tout mon savoir vitrage sera rendu accessible sous cette formule de formations en ligne.<\/p>\n","protected":false},"excerpt":{"rendered":"<p>M\u00e9thode de base de choix de vitrage M\u00e9thode avanc\u00e9e de choix de vitrages Vitrages pour b\u00e2timents, utilisations, normalisations et bonnes pratiques Vitrages et ensoleillement M\u00e9thode de s\u00e9lection de vitrage de s\u00e9curit\u00e9 Simulations Vitrages et logiciels sp\u00e9cialis\u00e9s Introduction \u00e0 H\u00e9lios SS, logiciel de simulation de charge d&rsquo;ensoleillement H\u00e9lios SS Avanc\u00e9 avec licence d&rsquo;utilisateur (pour professionnels de [&hellip;]<\/p>\n","protected":false},"author":1,"featured_media":0,"parent":786,"menu_order":1,"comment_status":"open","ping_status":"open","template":"","meta":[],"_links":{"self":[{"href":"https:\/\/lucjoubert.com\/index.php?rest_route=\/wp\/v2\/pages\/823"}],"collection":[{"href":"https:\/\/lucjoubert.com\/index.php?rest_route=\/wp\/v2\/pages"}],"about":[{"href":"https:\/\/lucjoubert.com\/index.php?rest_route=\/wp\/v2\/types\/page"}],"author":[{"embeddable":true,"href":"https:\/\/lucjoubert.com\/index.php?rest_route=\/wp\/v2\/users\/1"}],"replies":[{"embeddable":true,"href":"https:\/\/lucjoubert.com\/index.php?rest_route=%2Fwp%2Fv2%2Fcomments&post=823"}],"version-history":[{"count":1,"href":"https:\/\/lucjoubert.com\/index.php?rest_route=\/wp\/v2\/pages\/823\/revisions"}],"predecessor-version":[{"id":824,"href":"https:\/\/lucjoubert.com\/index.php?rest_route=\/wp\/v2\/pages\/823\/revisions\/824"}],"up":[{"embeddable":true,"href":"https:\/\/lucjoubert.com\/index.php?rest_route=\/wp\/v2\/pages\/786"}],"wp:attachment":[{"href":"https:\/\/lucjoubert.com\/index.php?rest_route=%2Fwp%2Fv2%2Fmedia&parent=823"}],"curies":[{"name":"wp","href":"https:\/\/api.w.org\/{rel}","templated":true}]}}