{"id":818,"date":"2020-05-01T13:03:14","date_gmt":"2020-05-01T18:03:14","guid":{"rendered":"http:\/\/lucjoubert.com\/?page_id=818"},"modified":"2020-05-14T12:51:53","modified_gmt":"2020-05-14T17:51:53","slug":"comment-acceder-gratuitement-aux-formations-vitrages-en-ligne","status":"publish","type":"page","link":"https:\/\/lucjoubert.com\/?page_id=818","title":{"rendered":"Comment acc\u00e9der GRATUITEMENT aux formations vitrages en ligne"},"content":{"rendered":"<p class=\"p1\" style=\"text-align: justify;\">Vous pouvez vous faire rembourser 100% de vos frais de formations professionnelles si celles-ci vous procurent les avantages suivants et c&rsquo;est le cas des formations vitrages en ligne:<\/p>\n<p style=\"text-align: justify;\">&#8211;\u00a0Les formations vous\u00a0procurent un avantage concurrentiel dans le march\u00e9 par l&rsquo;apport de connaissances pointues dans votre champ de sp\u00e9cialisation.<\/p>\n<p>&#8211; Les formations sont conformes aux exigences de la formation professionnelle continue dans votre champ de sp\u00e9cialisation.<\/p>\n<p class=\"p1\" style=\"text-align: justify;\">Notez que les formations vitrages en ligne sont de haute qualit\u00e9 technique et s&rsquo;adressent \u00e0 tout professionnel du b\u00e2timent, de sa conception \u00e0 la construction et \u00e0 l&rsquo;entretien, et \u00e0 tout concepteur dont les architectes, les ing\u00e9nieurs et les gens du domaine des portes et fen\u00eatres.<\/p>\n<p class=\"p1\" style=\"text-align: justify;\">PROC\u00c9DURE SIMPLE EN\u00a04 \u00c9TAPES POUR DEMANDER UN REMBOURSEMENT DE VOS FORMATIONS :<\/p>\n<p class=\"p1\" style=\"text-align: justify;\">1- Contactez le site de Service-Qu\u00e9bec pour conna\u00eetre les coordonn\u00e9es du CLE (Centre Local d&rsquo;Emploi de votre r\u00e9gion).<\/p>\n<p class=\"p1\" style=\"text-align: justify;\">2- Contactez ce Centre Local d&rsquo;Emploi (CLE) pour conna\u00eetre le conseiller attitr\u00e9 pour vous. Si vous n&rsquo;en avez pas, on va vous en attribuer un. (Laissez un message\u00a0 avec vos coordonn\u00e9es\u00a0dans la boite vocale g\u00e9n\u00e9rale et quelqu&rsquo;un va vous rappeler.)<\/p>\n<p class=\"p1\" style=\"text-align: justify;\">3- Votre conseiller vous enverra un formulaire \u00e0 compl\u00e9ter pour l&rsquo;analyse de votre demande. Vous pourrez trouver des informations cruciales et pertinentes demand\u00e9es sur ces formulaires, concernant la pertinence et le contenu des formations vitrages <span style=\"color: #0000ff;\"><a style=\"color: #0000ff;\" href=\"https:\/\/formations-vitrage.didacte.com\/\" target=\"_blank\">ICI<\/a>\u00a0<span style=\"color: #000000;\">que vous pouvez copier\/coller comme information strat\u00e9gique selon la formation que vous aurez choisie.<\/span><\/span><\/p>\n<p class=\"p1\" style=\"text-align: justify;\">4- Suite \u00e0 l&rsquo;analyse de la demande, vous recevrez l&rsquo;acceptation de remboursement int\u00e9gral de vos frais de la formation qui devra avoir \u00e9t\u00e9 prise et compl\u00e9t\u00e9e avant le 30 septembre prochain, avant la fin de ce programme.<\/p>\n<p class=\"p1\" style=\"text-align: justify;\">Les formations Vitrages en Ligne sont accessibles selon le concept\u00a0\u00c0 VOTRE RYTHME. Une fois inscrit \u00e0 une formation, vous organisez\u00a0\u00c0 VOTRE GUISE le temps pour la suivre. Les documents demeurent accessibles apr\u00e8s votre inscription.<\/p>\n<p class=\"p1\" style=\"text-align: justify;\">Lien vers la plateforme s\u00e9curis\u00e9e des <span style=\"color: #333399;\"><a style=\"color: #333399;\" href=\"https:\/\/formations-vitrage.didacte.com\/\" target=\"_blank\">FORMATIONS VITRAGES EN LIGNE<\/a><\/span><\/p>\n<p class=\"p1\" style=\"text-align: justify;\">Ce lien de KPMG explique aussi tr\u00e8s bien comment vous pouvez vous faire rembourser 100% de vos frais de formations en ligne, c&rsquo;est tr\u00e8s simple et accessible \u00e0 toute entreprise.<\/p>\n<p class=\"p2\"><a href=\"https:\/\/assets.kpmg\/content\/dam\/kpmg\/ca\/pdf\/tnf\/2020\/ca-covid-19-quebec-remboursera-des-depenses-de-formation.pdf\" target=\"_blank\"><span style=\"color: #333399;\">LIEN KPMG<\/span><\/a><\/p>\n","protected":false},"excerpt":{"rendered":"<p>Vous pouvez vous faire rembourser 100% de vos frais de formations professionnelles si celles-ci vous procurent les avantages suivants et c&rsquo;est le cas des formations vitrages en ligne: &#8211;\u00a0Les formations vous\u00a0procurent un avantage concurrentiel dans le march\u00e9 par l&rsquo;apport de connaissances pointues dans votre champ de sp\u00e9cialisation. &#8211; Les formations sont conformes aux exigences de [&hellip;]<\/p>\n","protected":false},"author":1,"featured_media":0,"parent":786,"menu_order":0,"comment_status":"open","ping_status":"open","template":"","meta":[],"_links":{"self":[{"href":"https:\/\/lucjoubert.com\/index.php?rest_route=\/wp\/v2\/pages\/818"}],"collection":[{"href":"https:\/\/lucjoubert.com\/index.php?rest_route=\/wp\/v2\/pages"}],"about":[{"href":"https:\/\/lucjoubert.com\/index.php?rest_route=\/wp\/v2\/types\/page"}],"author":[{"embeddable":true,"href":"https:\/\/lucjoubert.com\/index.php?rest_route=\/wp\/v2\/users\/1"}],"replies":[{"embeddable":true,"href":"https:\/\/lucjoubert.com\/index.php?rest_route=%2Fwp%2Fv2%2Fcomments&post=818"}],"version-history":[{"count":5,"href":"https:\/\/lucjoubert.com\/index.php?rest_route=\/wp\/v2\/pages\/818\/revisions"}],"predecessor-version":[{"id":831,"href":"https:\/\/lucjoubert.com\/index.php?rest_route=\/wp\/v2\/pages\/818\/revisions\/831"}],"up":[{"embeddable":true,"href":"https:\/\/lucjoubert.com\/index.php?rest_route=\/wp\/v2\/pages\/786"}],"wp:attachment":[{"href":"https:\/\/lucjoubert.com\/index.php?rest_route=%2Fwp%2Fv2%2Fmedia&parent=818"}],"curies":[{"name":"wp","href":"https:\/\/api.w.org\/{rel}","templated":true}]}}