{"id":786,"date":"2020-04-23T10:46:01","date_gmt":"2020-04-23T15:46:01","guid":{"rendered":"http:\/\/lucjoubert.com\/?page_id=786"},"modified":"2020-05-01T13:01:33","modified_gmt":"2020-05-01T18:01:33","slug":"nouveau-formations-vitrages-en-ligne","status":"publish","type":"page","link":"https:\/\/lucjoubert.com\/?page_id=786","title":{"rendered":"*NOUVEAU &#8211; Formations Vitrages en ligne"},"content":{"rendered":"<p>Lien vers la formation en ligne <span style=\"color: #000080;\"><a style=\"color: #000080;\" href=\"https:\/\/formations-vitrage.didacte.com\/\" target=\"_blank\">\u00ab\u00a0La Fiche Technique Vitrage\u00a0\u00bb<\/a><\/span><\/p>\n<p>Mardi le 7 avril 2020, le Gouvernement de Monsieur Legault au Qu\u00e9bec a lanc\u00e9 le programme PACME-COVID19 avec une enveloppe budg\u00e9taire couvrant les d\u00e9penses de formations en ligne pertinentes dans le d\u00e9veloppement de vos affaires et en \u00e9quilibre avec votre plan de relance de l&rsquo;apr\u00e8s-COVID19.<\/p>\n<p>Pour conna\u00eetre les crit\u00e8res d&rsquo;admissibilit\u00e9 et la possibilit\u00e9 de combiner les programmes F\u00e9d\u00e9ral et Provincial vous permettant des subventions salariales allant jusqu&rsquo;\u00e0 100% pour vos employ\u00e9s, en plus des remboursement des frais de formations, suivez ces liens :<br \/>\n<span style=\"color: #0000ff;\"><a style=\"color: #0000ff;\" title=\"Plan de relance \u00c9conomique du Canada\" href=\"https:\/\/www.canada.ca\/fr\/ministere-finances\/plan-intervention-economique.html#entreprises\" target=\"_blank\">Programme f\u00e9d\u00e9ral<\/a><\/span><br \/>\n<span style=\"color: #0000ff;\"><a style=\"color: #0000ff;\" title=\"Programme PACME\" href=\"https:\/\/www.quebec.ca\/entreprises-et-travailleurs-autonomes\/programme-actions-concertees-pour-le-maintien-en-emploi-pacme-covid-19\/\" target=\"_blank\">Programme provincial (Qu\u00e9bec)<\/a><\/span><\/p>\n<p>Les Formations Vitrages en Ligne\u00a0SONT MAINTENANT DISPONIBLES via un serveur transactionnel s\u00e9curis\u00e9, dont le lien sera inscrit ici d&rsquo;ici quelques jours<br \/>\n(avant mai 2020).<\/p>\n<p>Vous avez des besoins sp\u00e9cifiques en formation adapt\u00e9e \u00e0 votre champ d&rsquo;activit\u00e9 dans le domaine du vitrage ou vous avez besoin de monter un programme strat\u00e9gique pour \u00eatre pro-actif dans la lev\u00e9e de projets commerciaux d\u00e8s la reprise de l&rsquo;apr\u00e8s COVID-19, contactez-moi directement :<br \/>\nLuc Joubert<br \/>\nsynergia @ lucjoubert.com\u00a0 (enlever l&rsquo;espace de chaque c\u00f4t\u00e9 du @)<br \/>\nT\u00e9l: 418 &#8211; 473 &#8211; 4756<\/p>\n","protected":false},"excerpt":{"rendered":"<p>Lien vers la formation en ligne \u00ab\u00a0La Fiche Technique Vitrage\u00a0\u00bb Mardi le 7 avril 2020, le Gouvernement de Monsieur Legault au Qu\u00e9bec a lanc\u00e9 le programme PACME-COVID19 avec une enveloppe budg\u00e9taire couvrant les d\u00e9penses de formations en ligne pertinentes dans le d\u00e9veloppement de vos affaires et en \u00e9quilibre avec votre plan de relance de l&rsquo;apr\u00e8s-COVID19. [&hellip;]<\/p>\n","protected":false},"author":1,"featured_media":0,"parent":0,"menu_order":0,"comment_status":"open","ping_status":"open","template":"","meta":[],"_links":{"self":[{"href":"https:\/\/lucjoubert.com\/index.php?rest_route=\/wp\/v2\/pages\/786"}],"collection":[{"href":"https:\/\/lucjoubert.com\/index.php?rest_route=\/wp\/v2\/pages"}],"about":[{"href":"https:\/\/lucjoubert.com\/index.php?rest_route=\/wp\/v2\/types\/page"}],"author":[{"embeddable":true,"href":"https:\/\/lucjoubert.com\/index.php?rest_route=\/wp\/v2\/users\/1"}],"replies":[{"embeddable":true,"href":"https:\/\/lucjoubert.com\/index.php?rest_route=%2Fwp%2Fv2%2Fcomments&post=786"}],"version-history":[{"count":7,"href":"https:\/\/lucjoubert.com\/index.php?rest_route=\/wp\/v2\/pages\/786\/revisions"}],"predecessor-version":[{"id":817,"href":"https:\/\/lucjoubert.com\/index.php?rest_route=\/wp\/v2\/pages\/786\/revisions\/817"}],"wp:attachment":[{"href":"https:\/\/lucjoubert.com\/index.php?rest_route=%2Fwp%2Fv2%2Fmedia&parent=786"}],"curies":[{"name":"wp","href":"https:\/\/api.w.org\/{rel}","templated":true}]}}