{"id":777,"date":"2019-10-30T19:13:26","date_gmt":"2019-10-31T00:13:26","guid":{"rendered":"http:\/\/lucjoubert.com\/?page_id=777"},"modified":"2020-04-23T10:32:56","modified_gmt":"2020-04-23T15:32:56","slug":"seminaires-de-sophrologie-dynamique-cliquez-ici","status":"publish","type":"page","link":"https:\/\/lucjoubert.com\/?page_id=777","title":{"rendered":"S\u00e9minaires de Sophrologie Dynamique"},"content":{"rendered":"<h5>Pour acc\u00e9der \u00e0 mon site web concernant mes formations de Sophrologie Dynamique, cliquez\u00a0Sur le lien suivant:<\/h5>\n<p><span style=\"color: #333399;\"><a style=\"color: #333399;\" title=\"S\u00e9minaires de Sophrologie Dynamique\" href=\"https:\/\/sophrologiedynamique.com\/\" target=\"_blank\">SITE WEB SOPHROLOGIE DYNAMIQUE<\/a><\/span><\/p>\n","protected":false},"excerpt":{"rendered":"<p>Pour acc\u00e9der \u00e0 mon site web concernant mes formations de Sophrologie Dynamique, cliquez\u00a0Sur le lien suivant: SITE WEB SOPHROLOGIE DYNAMIQUE<\/p>\n","protected":false},"author":1,"featured_media":0,"parent":0,"menu_order":0,"comment_status":"open","ping_status":"open","template":"","meta":[],"_links":{"self":[{"href":"https:\/\/lucjoubert.com\/index.php?rest_route=\/wp\/v2\/pages\/777"}],"collection":[{"href":"https:\/\/lucjoubert.com\/index.php?rest_route=\/wp\/v2\/pages"}],"about":[{"href":"https:\/\/lucjoubert.com\/index.php?rest_route=\/wp\/v2\/types\/page"}],"author":[{"embeddable":true,"href":"https:\/\/lucjoubert.com\/index.php?rest_route=\/wp\/v2\/users\/1"}],"replies":[{"embeddable":true,"href":"https:\/\/lucjoubert.com\/index.php?rest_route=%2Fwp%2Fv2%2Fcomments&post=777"}],"version-history":[{"count":4,"href":"https:\/\/lucjoubert.com\/index.php?rest_route=\/wp\/v2\/pages\/777\/revisions"}],"predecessor-version":[{"id":785,"href":"https:\/\/lucjoubert.com\/index.php?rest_route=\/wp\/v2\/pages\/777\/revisions\/785"}],"wp:attachment":[{"href":"https:\/\/lucjoubert.com\/index.php?rest_route=%2Fwp%2Fv2%2Fmedia&parent=777"}],"curies":[{"name":"wp","href":"https:\/\/api.w.org\/{rel}","templated":true}]}}