{"id":731,"date":"2017-08-21T15:36:26","date_gmt":"2017-08-21T20:36:26","guid":{"rendered":"http:\/\/lucjoubert.com\/?page_id=731"},"modified":"2020-05-01T12:59:46","modified_gmt":"2020-05-01T17:59:46","slug":"conception-de-materiel-strategique-publicitaire-ou-technique-interne","status":"publish","type":"page","link":"https:\/\/lucjoubert.com\/?page_id=731","title":{"rendered":"Conception de mat\u00e9riel strat\u00e9gique publicitaire ou technique interne"},"content":{"rendered":"<p style=\"text-align: justify;\">Le domaine du vitrage pour b\u00e2timents est votre sph\u00e8re d&rsquo;activit\u00e9 et votre strat\u00e9gie de p\u00e9n\u00e9tration de march\u00e9 manque de mordant ?<\/p>\n<p style=\"text-align: justify;\">La conception de mat\u00e9riel publicitaire ax\u00e9 sur la technique dans un langage compr\u00e9hensible pour votre auditoire est un casse t\u00eate ?<\/p>\n<p style=\"text-align: justify;\">J&rsquo;ai con\u00e7u plusieurs catalogues techniques complets pour diff\u00e9rents intervenants dans l&rsquo;industrie du verre et du film pour vitrage et je ma\u00eetrise tr\u00e8s bien toutes les connaissances impliqu\u00e9es et j&rsquo;ai l&rsquo;habilet\u00e9 d&rsquo;adapter le niveau de compr\u00e9hension \u00e0 votre auditoire.<\/p>\n<p style=\"text-align: justify;\">Que vos documents \u00e0 concevoir n\u00e9cessitent des connaissances techniques pointues ou encore une vulgarisation simplifi\u00e9e pour en faciliter sa compr\u00e9hension, je peux prendre en charge pour vous cette op\u00e9ration d\u00e9licate de conception de mat\u00e9riel ad\u00e9quat et adapt\u00e9 \u00e0 votre cible commerciale pr\u00e9cise.<\/p>\n<p style=\"text-align: justify;\">Du formulaire de garantie aux guides d&rsquo;utilisation, en passant par les catalogues techniques et devis pour architectes, je couvre toute la gamme des documents requis dans le monde du vitrage ainsi que la strat\u00e9gie de la chaine d&rsquo;approvisionnement pour s&rsquo;assurer du respect de la r\u00e8gle de l&rsquo;art pour la validation de l&rsquo;application\u00a0des garanties.<\/p>\n","protected":false},"excerpt":{"rendered":"<p>Le domaine du vitrage pour b\u00e2timents est votre sph\u00e8re d&rsquo;activit\u00e9 et votre strat\u00e9gie de p\u00e9n\u00e9tration de march\u00e9 manque de mordant ? La conception de mat\u00e9riel publicitaire ax\u00e9 sur la technique dans un langage compr\u00e9hensible pour votre auditoire est un casse t\u00eate ? J&rsquo;ai con\u00e7u plusieurs catalogues techniques complets pour diff\u00e9rents intervenants dans l&rsquo;industrie du verre [&hellip;]<\/p>\n","protected":false},"author":1,"featured_media":0,"parent":691,"menu_order":4,"comment_status":"open","ping_status":"open","template":"full-width-page-template.php","meta":[],"_links":{"self":[{"href":"https:\/\/lucjoubert.com\/index.php?rest_route=\/wp\/v2\/pages\/731"}],"collection":[{"href":"https:\/\/lucjoubert.com\/index.php?rest_route=\/wp\/v2\/pages"}],"about":[{"href":"https:\/\/lucjoubert.com\/index.php?rest_route=\/wp\/v2\/types\/page"}],"author":[{"embeddable":true,"href":"https:\/\/lucjoubert.com\/index.php?rest_route=\/wp\/v2\/users\/1"}],"replies":[{"embeddable":true,"href":"https:\/\/lucjoubert.com\/index.php?rest_route=%2Fwp%2Fv2%2Fcomments&post=731"}],"version-history":[{"count":2,"href":"https:\/\/lucjoubert.com\/index.php?rest_route=\/wp\/v2\/pages\/731\/revisions"}],"predecessor-version":[{"id":733,"href":"https:\/\/lucjoubert.com\/index.php?rest_route=\/wp\/v2\/pages\/731\/revisions\/733"}],"up":[{"embeddable":true,"href":"https:\/\/lucjoubert.com\/index.php?rest_route=\/wp\/v2\/pages\/691"}],"wp:attachment":[{"href":"https:\/\/lucjoubert.com\/index.php?rest_route=%2Fwp%2Fv2%2Fmedia&parent=731"}],"curies":[{"name":"wp","href":"https:\/\/api.w.org\/{rel}","templated":true}]}}