{"id":700,"date":"2017-08-21T14:35:30","date_gmt":"2017-08-21T19:35:30","guid":{"rendered":"http:\/\/lucjoubert.com\/?page_id=700"},"modified":"2020-05-01T12:55:49","modified_gmt":"2020-05-01T17:55:49","slug":"realisations","status":"publish","type":"page","link":"https:\/\/lucjoubert.com\/?page_id=700","title":{"rendered":"R\u00e9alisations"},"content":{"rendered":"<p style=\"text-align: justify;\">Tous les projets de cette liste ont b\u00e9n\u00e9fici\u00e9 de l\u2019expertise d\u00e9gag\u00e9e \u00e0 l\u2019aide de La M\u00e9thode de S\u00e9lection de Vitrages pour B\u00e2timents, La M\u00e9thode de S\u00e9lection en Vitrage de S\u00e9curit\u00e9, Analyse de Menaces et Risques et \u00c9valuation de la S\u00e9curit\u00e9 Mat\u00e9rielles comprenant entre autres les volets suivants\u00a0:<\/p>\n<ul>\n<li style=\"text-align: justify;\">expertise du confort de l\u2019occupant;<\/li>\n<li style=\"text-align: justify;\">\u00e9valuation de menaces et risques;<\/li>\n<li style=\"text-align: justify;\">protection en cas d\u2019explosion de produits combustibles ou par menace terroriste;<\/li>\n<li style=\"text-align: justify;\">protection contre les projectiles d\u2019armes \u00e0 feu;<\/li>\n<li style=\"text-align: justify;\">protection contre les menaces d\u2019attaques physiques motiv\u00e9es;<\/li>\n<li style=\"text-align: justify;\">expertise en concept double peau;<\/li>\n<li style=\"text-align: justify;\">analyse de l\u2019effet de dispositifs d\u2019occultation ext\u00e9rieurs;<\/li>\n<li style=\"text-align: justify;\">analyse de l\u2019occultation g\u00e9n\u00e9r\u00e9e par le vitrage s\u00e9rigraphi\u00e9;<\/li>\n<\/ul>\n<p>&nbsp;<\/p>\n<p><strong>Quelques projets notables impliquant mon expertise en vitrages<\/strong><br \/>\n(compl\u00e9t\u00e9s ou en cours)<\/p>\n<p>Nouvel H\u00f4pital Enfant J\u00e9sus (en cours)<\/p>\n<p>Amphith\u00e9\u00e2tre Multifonctionnel de Qu\u00e9bec<\/p>\n<p>La Capitale Si\u00e8ge Social, Qu\u00e9bec<\/p>\n<p>GlaxoSmithKline Qu\u00e9bec<\/p>\n<p>TPSGC D\u2019Estimauville<\/p>\n<p>Roche, Centre d\u2019affaires Henri IV<\/p>\n<p>Palais de Justice de Montmagny<\/p>\n<p>Palais de Justice de Qu\u00e9bec, r\u00e9fection de l\u2019enveloppe<\/p>\n<p>Desjardins S\u00e9curit\u00e9 Financi\u00e8re, Nouvelle tour de L\u00e9vis<\/p>\n<p>Centre de Foires de Qu\u00e9bec, phase 2<\/p>\n<p>Centre de Foires de Drummondville<\/p>\n<p>UQO St-J\u00e9r\u00f4me<\/p>\n<p>UQAT Rouyn Noranda<\/p>\n<p>SAAQ Qu\u00e9bec<\/p>\n<p>\u00c9difice Delta III<\/p>\n<p>425 St-Amable, r\u00e9fection de l\u2019enveloppe<\/p>\n<p>Mus\u00e9e de la Civilisation, r\u00e9fection de l\u2019enveloppe<\/p>\n<p>Concessionnaire Porsche Qu\u00e9bec<\/p>\n<p>Concessionnaire BMW \u2013 Mini de Qu\u00e9bec<\/p>\n<p>Concessionnaire Toyota Ste-Foy<\/p>\n<p>Concessionnaire Roulottes Chaudi\u00e8res<\/p>\n<p>Maheu et Maheu, nouveau Si\u00e8ge Social \u00e0 Qu\u00e9bec<\/p>\n<p>Teraxion Qu\u00e9bec<\/p>\n<p>Ameublement Tanguay L\u00e9vis<\/p>\n<p>Super PEPS Piscine<\/p>\n<p>Super PEPS Soccer Int\u00e9rieur<\/p>\n<p>Nouvel Ar\u00e9na de Giffard<\/p>\n<p>Gymnase Lebourgneuf<\/p>\n<p>Centre Sportif Lac M\u00e9gantic<\/p>\n<p>\u00c9cole primaire de Boischatel<\/p>\n<p>\u00c9cole primaire de Stoneham<\/p>\n<p>\u00c9cole Lac Etchemin<\/p>\n<p>C\u00e9gep de Thetford Mines<\/p>\n<p>IGA Express de St-Augustin (actif sur l\u2019ensemble des nouvelles succursales)<\/p>\n<p>OMH L\u00e9vis, r\u00e9fection des enveloppes, 9 b\u00e2timents<\/p>\n<p>Espace Suprem L\u00e9vis<\/p>\n<p>H\u00f4tel Gouverneur Sherbrooke<\/p>\n<p>H\u00f4tel Gouverneur Chicoutimi<\/p>\n<p>H\u00f4tel Delta Qu\u00e9bec, r\u00e9fection de l\u2019enveloppe<\/p>\n<p>Condos Europa<\/p>\n<p>Condominiums le Distinction<\/p>\n<p>Condominiums Le Chatelois<\/p>\n<p>Condominiums Les All\u00e9es Bellevue<\/p>\n<p>Biblioth\u00e8que La Minerve<\/p>\n<p>Biblioth\u00e8que de Ch\u00e2teau Richer<\/p>\n<p>Simons les Galeries D\u2019Anjou<\/p>\n<p>Caserne de pompier de Breakeyville<\/p>\n<p>St-John Law Court<\/p>\n<p>Abribus Temp\u00e9r\u00e9s du RTC, Qu\u00e9bec<\/p>\n<p>RCMP Darmouth<\/p>\n<p>\u00c9difices (2) Forces Arm\u00e9es Canadiennes, Farnham<\/p>\n<p>&nbsp;<\/p>\n","protected":false},"excerpt":{"rendered":"<p>Tous les projets de cette liste ont b\u00e9n\u00e9fici\u00e9 de l\u2019expertise d\u00e9gag\u00e9e \u00e0 l\u2019aide de La M\u00e9thode de S\u00e9lection de Vitrages pour B\u00e2timents, La M\u00e9thode de S\u00e9lection en Vitrage de S\u00e9curit\u00e9, Analyse de Menaces et Risques et \u00c9valuation de la S\u00e9curit\u00e9 Mat\u00e9rielles comprenant entre autres les volets suivants\u00a0: expertise du confort de l\u2019occupant; \u00e9valuation de menaces [&hellip;]<\/p>\n","protected":false},"author":1,"featured_media":675,"parent":693,"menu_order":2,"comment_status":"open","ping_status":"open","template":"full-width-page-template.php","meta":[],"_links":{"self":[{"href":"https:\/\/lucjoubert.com\/index.php?rest_route=\/wp\/v2\/pages\/700"}],"collection":[{"href":"https:\/\/lucjoubert.com\/index.php?rest_route=\/wp\/v2\/pages"}],"about":[{"href":"https:\/\/lucjoubert.com\/index.php?rest_route=\/wp\/v2\/types\/page"}],"author":[{"embeddable":true,"href":"https:\/\/lucjoubert.com\/index.php?rest_route=\/wp\/v2\/users\/1"}],"replies":[{"embeddable":true,"href":"https:\/\/lucjoubert.com\/index.php?rest_route=%2Fwp%2Fv2%2Fcomments&post=700"}],"version-history":[{"count":3,"href":"https:\/\/lucjoubert.com\/index.php?rest_route=\/wp\/v2\/pages\/700\/revisions"}],"predecessor-version":[{"id":815,"href":"https:\/\/lucjoubert.com\/index.php?rest_route=\/wp\/v2\/pages\/700\/revisions\/815"}],"up":[{"embeddable":true,"href":"https:\/\/lucjoubert.com\/index.php?rest_route=\/wp\/v2\/pages\/693"}],"wp:featuredmedia":[{"embeddable":true,"href":"https:\/\/lucjoubert.com\/index.php?rest_route=\/wp\/v2\/media\/675"}],"wp:attachment":[{"href":"https:\/\/lucjoubert.com\/index.php?rest_route=%2Fwp%2Fv2%2Fmedia&parent=700"}],"curies":[{"name":"wp","href":"https:\/\/api.w.org\/{rel}","templated":true}]}}