{"id":698,"date":"2017-08-21T14:34:35","date_gmt":"2017-08-21T19:34:35","guid":{"rendered":"http:\/\/lucjoubert.com\/?page_id=698"},"modified":"2020-05-01T12:48:59","modified_gmt":"2020-05-01T17:48:59","slug":"etendues-des-connaissances-en-vitrages","status":"publish","type":"page","link":"https:\/\/lucjoubert.com\/?page_id=698","title":{"rendered":"\u00c9tendues des connaissances en vitrages"},"content":{"rendered":"<ul>\n<li style=\"text-align: justify;\">Connaissances techniques avanc\u00e9es du verre sous tous ses aspects;<\/li>\n<li style=\"text-align: justify;\">connaissances avanc\u00e9es de la normalisation en mati\u00e8re de vitrage de s\u00e9curit\u00e9;<\/li>\n<li style=\"text-align: justify;\">connaissances avanc\u00e9es des caract\u00e9ristiques optiques, thermiques et physiques des vitrages;<\/li>\n<li style=\"text-align: justify;\">connaissances avanc\u00e9es et ma\u00eetrise des outils de simulations informatiques pour d\u00e9terminer les compositions appropri\u00e9es en fonction des emplacements des vitrages;<\/li>\n<li style=\"text-align: justify;\">connaissances des rendus de couleur des vitrages;<\/li>\n<li style=\"text-align: justify;\">connaissances avanc\u00e9es en R&amp;D en lien avec les vitrages et leurs performances pour avoir \u00e9t\u00e9 directeur de programme R&amp;D pendant 3 ans sur de tels projets dans le d\u00e9veloppement de vitrages haute s\u00e9curit\u00e9 sp\u00e9cifiques exclusifs pour la protection de personnes et de biens;<\/li>\n<li style=\"text-align: justify;\">expertise du confort de l\u2019occupant;<\/li>\n<li style=\"text-align: justify;\">\u00e9valuation de menaces et risques;<\/li>\n<li style=\"text-align: justify;\">protection en cas d\u2019explosion de produits combustibles ou par menace terroriste;<\/li>\n<li style=\"text-align: justify;\">protection contre les projectiles d\u2019armes \u00e0 feu;<\/li>\n<li style=\"text-align: justify;\">protection contre les menaces d\u2019attaques physiques motiv\u00e9es;<\/li>\n<li style=\"text-align: justify;\">expertise en concept double peau;<\/li>\n<li style=\"text-align: justify;\">analyse de l\u2019effet de dispositifs d\u2019occultation ext\u00e9rieurs\u00a0;<\/li>\n<li style=\"text-align: justify;\">analyse de l\u2019occultation g\u00e9n\u00e9r\u00e9e par le vitrage s\u00e9rigraphi\u00e9;<\/li>\n<li style=\"text-align: justify;\">expertise-simulation en temps r\u00e9el de l\u2019insolation sur une p\u00e9riode de 1 \u00e0 365 jours avec l\u2019outil H\u00e9lios SS int\u00e9grant les donn\u00e9es m\u00e9t\u00e9orologiques locales;<\/li>\n<\/ul>\n","protected":false},"excerpt":{"rendered":"<p>Connaissances techniques avanc\u00e9es du verre sous tous ses aspects; connaissances avanc\u00e9es de la normalisation en mati\u00e8re de vitrage de s\u00e9curit\u00e9; connaissances avanc\u00e9es des caract\u00e9ristiques optiques, thermiques et physiques des vitrages; connaissances avanc\u00e9es et ma\u00eetrise des outils de simulations informatiques pour d\u00e9terminer les compositions appropri\u00e9es en fonction des emplacements des vitrages; connaissances des rendus de couleur [&hellip;]<\/p>\n","protected":false},"author":1,"featured_media":0,"parent":693,"menu_order":1,"comment_status":"open","ping_status":"open","template":"","meta":[],"_links":{"self":[{"href":"https:\/\/lucjoubert.com\/index.php?rest_route=\/wp\/v2\/pages\/698"}],"collection":[{"href":"https:\/\/lucjoubert.com\/index.php?rest_route=\/wp\/v2\/pages"}],"about":[{"href":"https:\/\/lucjoubert.com\/index.php?rest_route=\/wp\/v2\/types\/page"}],"author":[{"embeddable":true,"href":"https:\/\/lucjoubert.com\/index.php?rest_route=\/wp\/v2\/users\/1"}],"replies":[{"embeddable":true,"href":"https:\/\/lucjoubert.com\/index.php?rest_route=%2Fwp%2Fv2%2Fcomments&post=698"}],"version-history":[{"count":2,"href":"https:\/\/lucjoubert.com\/index.php?rest_route=\/wp\/v2\/pages\/698\/revisions"}],"predecessor-version":[{"id":811,"href":"https:\/\/lucjoubert.com\/index.php?rest_route=\/wp\/v2\/pages\/698\/revisions\/811"}],"up":[{"embeddable":true,"href":"https:\/\/lucjoubert.com\/index.php?rest_route=\/wp\/v2\/pages\/693"}],"wp:attachment":[{"href":"https:\/\/lucjoubert.com\/index.php?rest_route=%2Fwp%2Fv2%2Fmedia&parent=698"}],"curies":[{"name":"wp","href":"https:\/\/api.w.org\/{rel}","templated":true}]}}