{"id":693,"date":"2017-08-21T14:26:05","date_gmt":"2017-08-21T19:26:05","guid":{"rendered":"http:\/\/lucjoubert.com\/?page_id=693"},"modified":"2020-05-01T12:46:46","modified_gmt":"2020-05-01T17:46:46","slug":"mon-parcours-dans-le-monde-du-verre","status":"publish","type":"page","link":"https:\/\/lucjoubert.com\/?page_id=693","title":{"rendered":"Mon parcours dans le monde du verre"},"content":{"rendered":"<p style=\"text-align: justify;\">Consultant Senior en Vitrages, orient\u00e9 aspect technique et projets, j\u2019\u0153uvre dans le domaine du verre depuis 38 ans. Mon parcours passe par le m\u00e9tier pur de vitrier ex\u00e9cutant, en atelier et sur le terrain jusqu\u2019\u00e0 celui de consultant Senior en mati\u00e8re de vitrages sp\u00e9cialis\u00e9s ayant toujours \u00e0 l\u2019esprit de favoriser et d\u2019optimiser les bonnes utilisations des types de vitrages en relation avec les besoins analys\u00e9s m\u00e9thodiquement. Dans l\u2019accompagnement des concepteurs vers la concr\u00e9tisation de leurs r\u00e9alisations, je suis reconnu pour mes aptitudes de recherches et d\u2019application de solutions efficientes dans des situations critiques. Tout au long de ce parcours de carri\u00e8re, j\u2019ai plusieurs r\u00e9alisations notables \u00e0 mon bagage d\u2019exp\u00e9rience.<\/p>\n<p style=\"text-align: justify;\">De 2000 \u00e0 2020, par l&rsquo;entremise de mon entreprise Synergia Concept International et en tant que consultant senior en vitrages, j&rsquo;ai assist\u00e9 les concepteurs \u00e0 r\u00e9aliser leurs projets de diff\u00e9rentes envergures gr\u00e2ce\u00a0\u00e0 un syst\u00e8me d&rsquo;algorithmes tr\u00e8s efficace que j&rsquo;ai d\u00e9velopp\u00e9\u00a0au fil de mes expertises et de mon souci d&rsquo;aborder la solution vitrage en mettant au centre de la pr\u00e9occupation, LE CONFORT DE L&rsquo;OCCUPANT.<\/p>\n<ul>\n<li style=\"text-align: justify;\">J&rsquo;ai \u00e9t\u00e9 impliqu\u00e9 \u00e0 plusieurs niveaux\u00a0dans des dossiers sensibles en mati\u00e8re de haute s\u00e9curit\u00e9 de l\u2019\u00e9tat, notamment au printemps 2001, Sommet des Am\u00e9riques avec c\u00f4te de s\u00e9curit\u00e9 re\u00e7ue pour s\u00e9curiser physiquement toutes les entr\u00e9e et ouvertures vitr\u00e9es des \u00e9difices f\u00e9d\u00e9raux situ\u00e9s dans le p\u00e9rim\u00e8tre de haute s\u00e9curit\u00e9 (collaboration \u00e9troite avec BLJC et la GRC). Implication dans les maisons refuges pour femmes victimes de violence sur tout le territoire qu\u00e9b\u00e9cois. Tr\u00e8s actif suite au 11 septembre 2001 aupr\u00e8s de la s\u00e9curit\u00e9 de l\u2019\u00c9tat, en enseignant notamment un programme mont\u00e9 conjointement avec la GRC destin\u00e9 \u00e0 la formation de toute personne clef impliqu\u00e9e dans la s\u00e9curit\u00e9 physique et mat\u00e9rielle des \u00e9difices sensibles en raison de la nature de leurs occupants ou du type d\u2019activit\u00e9 qui y est tenue.<\/li>\n<\/ul>\n<ul>\n<li style=\"text-align: justify;\">Implantation compl\u00e8te d\u2019une usine de vitrage lamin\u00e9 \u00e0 froid ayant \u00e9t\u00e9 reconnue comme l\u2019une des plus performantes mondialement par des sp\u00e9cialistes externes de cette technologie lors de la mise en marche.<\/li>\n<\/ul>\n<ul>\n<li style=\"text-align: justify;\">\u00c9laboration de recettes de vitrages sp\u00e9ciaux de haute s\u00e9curit\u00e9 pour la protection de personnes ou de valeurs maintenant utilis\u00e9es par les institutions financi\u00e8res, p\u00e9nitenciers et gouvernements pour les personnalit\u00e9s politiques.<\/li>\n<\/ul>\n<ul>\n<li style=\"text-align: justify;\">\u00c9laboration d\u2019un programme de formation technique tr\u00e8s avanc\u00e9 en vitrages sp\u00e9ciaux pour la protection d\u2019installations officielles que j\u2019ai enseign\u00e9 en tant que professionnel civil au sein d\u2019un programme f\u00e9d\u00e9ral de s\u00e9curit\u00e9 nationale \u00e0 contrat pour\u00a0la Gendarmerie Royale du Canada (RCMP).<\/li>\n<\/ul>\n<ul>\n<li>\u00c9laboration de formations diverses en vitrages de b\u00e2timents reconnues par l\u2019Ordre des Architectes, notamment pour Contech-formations et aussi sur une base priv\u00e9e pour les Architectes.<\/li>\n<\/ul>\n<ul>\n<li style=\"text-align: justify;\">Auteur du livre technique <em>Vitrages de s\u00e9curit\u00e9, Normalisations et utilisations\u00a9<\/em>.<\/li>\n<li style=\"text-align: justify;\">Auteur du document de r\u00e9f\u00e9rence technique pour la conception selon la r\u00e8gle de l\u2019art de l\u2019industrie du vitrage <em>\u00ab\u00a0Manuel des Directives G\u00e9n\u00e9rales pour les Vitrages\u00a0\u00bb\u00a9.<\/em><\/li>\n<\/ul>\n<ul>\n<li style=\"text-align: justify;\">Auteur de <em>\u2018\u2019La m\u00e9thode de s\u00e9lection de vitrages\u2019\u2019\u00a9 <\/em>pour vitrages isolants de b\u00e2timents.<\/li>\n<\/ul>\n<ul>\n<li style=\"text-align: justify;\">Auteur-propri\u00e9taire du logiciel \u2018\u2019<em>H\u00e9lios SS\u2019\u2019\u00a9 <\/em>programm\u00e9 (par une \u00e9quipe d\u2019ing\u00e9nieurs) sp\u00e9cifiquement pour les besoins en analyse avanc\u00e9e de vitrages pour b\u00e2timents.<\/li>\n<\/ul>\n<p>Dans le m\u00e9tier de vitrier, j\u2019ai acquis les comp\u00e9tences et occup\u00e9 les postes suivants\u00a0:<\/p>\n<ul>\n<li>aide g\u00e9n\u00e9ral int\u00e9rieur;<\/li>\n<li>aide g\u00e9n\u00e9ral ext\u00e9rieur;<\/li>\n<li>installateur de miroirs, monte-comptoirs;<\/li>\n<li>tailleur de verre;<\/li>\n<li>polisseur de verre;<\/li>\n<li>apprenti monteur m\u00e9canicien (ann\u00e9es 1, 2 et 3);<\/li>\n<li>monteur m\u00e9canicien int\u00e9rieur;<\/li>\n<li>monteur m\u00e9canicien ext\u00e9rieur;<\/li>\n<li>contrema\u00eetre de production;<\/li>\n<li>gestion des chantiers et contr\u00f4le qualit\u00e9;<\/li>\n<li>entrepreneur en vitrerie sp\u00e9cialis\u00e9e et m\u00e9canique de chantier (RBQ);<\/li>\n<li style=\"text-align: justify;\">propri\u00e9taire de cinq entreprises sp\u00e9cialis\u00e9es dans le domaine du vitrage dont deux vitreries, une usine de laminage de verre \u00e0 froid, une entreprise sp\u00e9cialis\u00e9e en films pour vitrages ainsi qu\u2019en expertise de vitrages de s\u00e9curit\u00e9 et en analyse de projets pour d\u00e9terminer les calibrages ad\u00e9quats des types de verres requis.<\/li>\n<\/ul>\n","protected":false},"excerpt":{"rendered":"<p>Consultant Senior en Vitrages, orient\u00e9 aspect technique et projets, j\u2019\u0153uvre dans le domaine du verre depuis 38 ans. Mon parcours passe par le m\u00e9tier pur de vitrier ex\u00e9cutant, en atelier et sur le terrain jusqu\u2019\u00e0 celui de consultant Senior en mati\u00e8re de vitrages sp\u00e9cialis\u00e9s ayant toujours \u00e0 l\u2019esprit de favoriser et d\u2019optimiser les bonnes utilisations [&hellip;]<\/p>\n","protected":false},"author":1,"featured_media":305,"parent":691,"menu_order":1,"comment_status":"open","ping_status":"open","template":"","meta":[],"_links":{"self":[{"href":"https:\/\/lucjoubert.com\/index.php?rest_route=\/wp\/v2\/pages\/693"}],"collection":[{"href":"https:\/\/lucjoubert.com\/index.php?rest_route=\/wp\/v2\/pages"}],"about":[{"href":"https:\/\/lucjoubert.com\/index.php?rest_route=\/wp\/v2\/types\/page"}],"author":[{"embeddable":true,"href":"https:\/\/lucjoubert.com\/index.php?rest_route=\/wp\/v2\/users\/1"}],"replies":[{"embeddable":true,"href":"https:\/\/lucjoubert.com\/index.php?rest_route=%2Fwp%2Fv2%2Fcomments&post=693"}],"version-history":[{"count":5,"href":"https:\/\/lucjoubert.com\/index.php?rest_route=\/wp\/v2\/pages\/693\/revisions"}],"predecessor-version":[{"id":810,"href":"https:\/\/lucjoubert.com\/index.php?rest_route=\/wp\/v2\/pages\/693\/revisions\/810"}],"up":[{"embeddable":true,"href":"https:\/\/lucjoubert.com\/index.php?rest_route=\/wp\/v2\/pages\/691"}],"wp:featuredmedia":[{"embeddable":true,"href":"https:\/\/lucjoubert.com\/index.php?rest_route=\/wp\/v2\/media\/305"}],"wp:attachment":[{"href":"https:\/\/lucjoubert.com\/index.php?rest_route=%2Fwp%2Fv2%2Fmedia&parent=693"}],"curies":[{"name":"wp","href":"https:\/\/api.w.org\/{rel}","templated":true}]}}